{"id":306,"date":"2023-11-28T23:35:11","date_gmt":"2023-11-28T22:35:11","guid":{"rendered":"https:\/\/restaurant-labrochette.com\/?page_id=306"},"modified":"2023-11-30T10:34:14","modified_gmt":"2023-11-30T09:34:14","slug":"blog","status":"publish","type":"page","link":"https:\/\/restaurant-labrochette.com\/ca\/blog\/","title":{"rendered":"Blog"},"content":{"rendered":"<div data-elementor-type=\"wp-page\" data-elementor-id=\"306\" class=\"elementor elementor-306\" data-elementor-post-type=\"page\">\n\t\t\t\t\t\t<section class=\"elementor-section elementor-top-section elementor-element elementor-element-a21a1a8 elementor-section-height-min-height elementor-section-full_width ops-section elementor-section-height-default elementor-section-items-middle\" data-id=\"a21a1a8\" data-element_type=\"section\" data-settings=\"{&quot;background_background&quot;:&quot;classic&quot;,&quot;ekit_has_onepagescroll&quot;:&quot;section&quot;}\">\n\t\t\t\t\t\t\t<div class=\"elementor-background-overlay\"><\/div>\n\t\t\t\t\t\t\t<div class=\"elementor-container elementor-column-gap-no\">\n\t\t\t\t\t<div class=\"elementor-column elementor-col-100 elementor-top-column elementor-element elementor-element-1b81616\" data-id=\"1b81616\" data-element_type=\"column\" data-settings=\"{&quot;background_background&quot;:&quot;classic&quot;}\">\n\t\t\t<div class=\"elementor-widget-wrap elementor-element-populated\">\n\t\t\t\t\t\t<div class=\"elementor-element elementor-element-9cb6b24 elementor-widget elementor-widget-heading\" data-id=\"9cb6b24\" data-element_type=\"widget\" data-widget_type=\"heading.default\">\n\t\t\t\t<div class=\"elementor-widget-container\">\n\t\t\t\t\t<h2 class=\"elementor-heading-title elementor-size-default\">BLOG<\/h2>\t\t\t\t<\/div>\n\t\t\t\t<\/div>\n\t\t\t\t\t<\/div>\n\t\t<\/div>\n\t\t\t\t\t<\/div>\n\t\t<\/section>\n\t\t<div class=\"elementor-element elementor-element-47b5ca6 e-flex e-con-boxed e-con e-parent\" data-id=\"47b5ca6\" data-element_type=\"container\">\n\t\t\t\t\t<div class=\"e-con-inner\">\n\t\t\t\t<div class=\"elementor-element elementor-element-b48215f elementor-grid-3 elementor-grid-tablet-2 elementor-grid-mobile-1 elementor-posts--thumbnail-top elementor-card-shadow-yes elementor-posts__hover-gradient elementor-widget elementor-widget-posts\" data-id=\"b48215f\" data-element_type=\"widget\" data-settings=\"{&quot;pagination_type&quot;:&quot;numbers_and_prev_next&quot;,&quot;cards_columns&quot;:&quot;3&quot;,&quot;cards_columns_tablet&quot;:&quot;2&quot;,&quot;cards_columns_mobile&quot;:&quot;1&quot;,&quot;cards_row_gap&quot;:{&quot;unit&quot;:&quot;px&quot;,&quot;size&quot;:35,&quot;sizes&quot;:[]},&quot;cards_row_gap_tablet&quot;:{&quot;unit&quot;:&quot;px&quot;,&quot;size&quot;:&quot;&quot;,&quot;sizes&quot;:[]},&quot;cards_row_gap_mobile&quot;:{&quot;unit&quot;:&quot;px&quot;,&quot;size&quot;:&quot;&quot;,&quot;sizes&quot;:[]}}\" data-widget_type=\"posts.cards\">\n\t\t\t\t<div class=\"elementor-widget-container\">\n\t\t\t\t\t\t\t<div class=\"elementor-posts-container elementor-posts elementor-posts--skin-cards elementor-grid\" role=\"list\">\r\n\t\t\t\t<article class=\"elementor-post elementor-grid-item post-1109 post type-post status-publish format-standard has-post-thumbnail hentry category-restaurante-de-tapas-en-girona tag-restaurante-de-tapas-en-girona\" role=\"listitem\">\r\n\t\t\t<div class=\"elementor-post__card\">\r\n\t\t\t\t<a class=\"elementor-post__thumbnail__link\" href=\"https:\/\/restaurant-labrochette.com\/ca\/la-esencia-de-un-restaurante-de-tapas-mucho-mas-que-comida\/\" tabindex=\"-1\" ><div class=\"elementor-post__thumbnail\"><img fetchpriority=\"high\" decoding=\"async\" width=\"900\" height=\"600\" src=\"https:\/\/restaurant-labrochette.com\/wp-content\/uploads\/2024\/09\/restaurante-de-tapas-en-girona-3.jpg\" class=\"attachment-full size-full wp-image-1113\" alt=\"\" srcset=\"https:\/\/restaurant-labrochette.com\/wp-content\/uploads\/2024\/09\/restaurante-de-tapas-en-girona-3.jpg 900w, https:\/\/restaurant-labrochette.com\/wp-content\/uploads\/2024\/09\/restaurante-de-tapas-en-girona-3-300x200.jpg 300w, https:\/\/restaurant-labrochette.com\/wp-content\/uploads\/2024\/09\/restaurante-de-tapas-en-girona-3-768x512.jpg 768w, https:\/\/restaurant-labrochette.com\/wp-content\/uploads\/2024\/09\/restaurante-de-tapas-en-girona-3-18x12.jpg 18w\" sizes=\"(max-width: 900px) 100vw, 900px\" \/><\/div><\/a>\r\n\t\t\t\t<div class=\"elementor-post__text\">\r\n\t\t\t\t<h3 class=\"elementor-post__title\">\r\n\t\t\t<a href=\"https:\/\/restaurant-labrochette.com\/ca\/la-esencia-de-un-restaurante-de-tapas-mucho-mas-que-comida\/\" >\r\n\t\t\t\tLa esencia de un restaurante de tapas: mucho m\u00e1s que comida\t\t\t<\/a>\r\n\t\t<\/h3>\r\n\t\t\t\t<div class=\"elementor-post__excerpt\">\r\n\t\t\t<p>Descubre por qu\u00e9 un restaurante de tapas es el lugar perfecto para disfrutar de una experiencia culinaria \u00fanica El mundo de las tapas es mucho<\/p>\n\t\t<\/div>\r\n\t\t\r\n\t\t<a class=\"elementor-post__read-more\" href=\"https:\/\/restaurant-labrochette.com\/ca\/la-esencia-de-un-restaurante-de-tapas-mucho-mas-que-comida\/\" aria-label=\"Read more about La esencia de un restaurante de tapas: mucho m\u00e1s que comida\" tabindex=\"-1\" >\r\n\t\t\tLLEGIR M\u00c9S\t\t<\/a>\r\n\r\n\t\t\t\t<\/div>\r\n\t\t\t\t\t<\/div>\r\n\t\t<\/article>\r\n\t\t\t\t<article class=\"elementor-post elementor-grid-item post-1102 post type-post status-publish format-standard has-post-thumbnail hentry category-restaurante-de-tapas-en-girona tag-restaurante-de-tapas-en-girona\" role=\"listitem\">\r\n\t\t\t<div class=\"elementor-post__card\">\r\n\t\t\t\t<a class=\"elementor-post__thumbnail__link\" href=\"https:\/\/restaurant-labrochette.com\/ca\/la-importancia-del-servicio-al-cliente-en-restaurantes-de-tapas\/\" tabindex=\"-1\" ><div class=\"elementor-post__thumbnail\"><img decoding=\"async\" width=\"900\" height=\"600\" src=\"https:\/\/restaurant-labrochette.com\/wp-content\/uploads\/2024\/07\/restaurante-tapas-girona-3.jpg\" class=\"attachment-full size-full wp-image-1106\" alt=\"\" srcset=\"https:\/\/restaurant-labrochette.com\/wp-content\/uploads\/2024\/07\/restaurante-tapas-girona-3.jpg 900w, https:\/\/restaurant-labrochette.com\/wp-content\/uploads\/2024\/07\/restaurante-tapas-girona-3-300x200.jpg 300w, https:\/\/restaurant-labrochette.com\/wp-content\/uploads\/2024\/07\/restaurante-tapas-girona-3-768x512.jpg 768w, https:\/\/restaurant-labrochette.com\/wp-content\/uploads\/2024\/07\/restaurante-tapas-girona-3-18x12.jpg 18w\" sizes=\"(max-width: 900px) 100vw, 900px\" \/><\/div><\/a>\r\n\t\t\t\t<div class=\"elementor-post__text\">\r\n\t\t\t\t<h3 class=\"elementor-post__title\">\r\n\t\t\t<a href=\"https:\/\/restaurant-labrochette.com\/ca\/la-importancia-del-servicio-al-cliente-en-restaurantes-de-tapas\/\" >\r\n\t\t\t\tLa importancia del servicio al cliente en restaurantes de tapas\t\t\t<\/a>\r\n\t\t<\/h3>\r\n\t\t\t\t<div class=\"elementor-post__excerpt\">\r\n\t\t\t<p>C\u00f3mo un excelente servicio transforma la experiencia en un restaurante de tapas En el competitivo mundo de la restauraci\u00f3n, especialmente en el \u00e1mbito de los<\/p>\n\t\t<\/div>\r\n\t\t\r\n\t\t<a class=\"elementor-post__read-more\" href=\"https:\/\/restaurant-labrochette.com\/ca\/la-importancia-del-servicio-al-cliente-en-restaurantes-de-tapas\/\" aria-label=\"Read more about La importancia del servicio al cliente en restaurantes de tapas\" tabindex=\"-1\" >\r\n\t\t\tLLEGIR M\u00c9S\t\t<\/a>\r\n\r\n\t\t\t\t<\/div>\r\n\t\t\t\t\t<\/div>\r\n\t\t<\/article>\r\n\t\t\t\t<article class=\"elementor-post elementor-grid-item post-1096 post type-post status-publish format-standard has-post-thumbnail hentry category-tapes-a-girona tag-tapas-en-girona\" role=\"listitem\">\r\n\t\t\t<div class=\"elementor-post__card\">\r\n\t\t\t\t<a class=\"elementor-post__thumbnail__link\" href=\"https:\/\/restaurant-labrochette.com\/ca\/tapas-y-cultura-la-importancia-de-las-tapas-en-la-vida-social-espanola\/\" tabindex=\"-1\" ><div class=\"elementor-post__thumbnail\"><img decoding=\"async\" width=\"900\" height=\"600\" src=\"https:\/\/restaurant-labrochette.com\/wp-content\/uploads\/2024\/07\/tapas-girona-1.jpg\" class=\"attachment-full size-full wp-image-1098\" alt=\"\" srcset=\"https:\/\/restaurant-labrochette.com\/wp-content\/uploads\/2024\/07\/tapas-girona-1.jpg 900w, https:\/\/restaurant-labrochette.com\/wp-content\/uploads\/2024\/07\/tapas-girona-1-300x200.jpg 300w, https:\/\/restaurant-labrochette.com\/wp-content\/uploads\/2024\/07\/tapas-girona-1-768x512.jpg 768w, https:\/\/restaurant-labrochette.com\/wp-content\/uploads\/2024\/07\/tapas-girona-1-18x12.jpg 18w\" sizes=\"(max-width: 900px) 100vw, 900px\" \/><\/div><\/a>\r\n\t\t\t\t<div class=\"elementor-post__text\">\r\n\t\t\t\t<h3 class=\"elementor-post__title\">\r\n\t\t\t<a href=\"https:\/\/restaurant-labrochette.com\/ca\/tapas-y-cultura-la-importancia-de-las-tapas-en-la-vida-social-espanola\/\" >\r\n\t\t\t\tTapas y cultura: La importancia de las tapas en la vida social espa\u00f1ola\t\t\t<\/a>\r\n\t\t<\/h3>\r\n\t\t\t\t<div class=\"elementor-post__excerpt\">\r\n\t\t\t<p>C\u00f3mo las tapas reflejan la tradici\u00f3n y el estilo de vida espa\u00f1ol Las tapas son mucho m\u00e1s que simples aperitivos en Espa\u00f1a; representan una parte<\/p>\n\t\t<\/div>\r\n\t\t\r\n\t\t<a class=\"elementor-post__read-more\" href=\"https:\/\/restaurant-labrochette.com\/ca\/tapas-y-cultura-la-importancia-de-las-tapas-en-la-vida-social-espanola\/\" aria-label=\"Read more about Tapas y cultura: La importancia de las tapas en la vida social espa\u00f1ola\" tabindex=\"-1\" >\r\n\t\t\tLLEGIR M\u00c9S\t\t<\/a>\r\n\r\n\t\t\t\t<\/div>\r\n\t\t\t\t\t<\/div>\r\n\t\t<\/article>\r\n\t\t\t\t<article class=\"elementor-post elementor-grid-item post-1087 post type-post status-publish format-standard has-post-thumbnail hentry category-restaurante-de-tapas-en-girona tag-restaurante-de-tapas-en-girona\" role=\"listitem\">\r\n\t\t\t<div class=\"elementor-post__card\">\r\n\t\t\t\t<a class=\"elementor-post__thumbnail__link\" href=\"https:\/\/restaurant-labrochette.com\/ca\/la-brochette-el-mejor-restaurante-de-tapas-para-celebrar-hermosos-momentos\/\" tabindex=\"-1\" ><div class=\"elementor-post__thumbnail\"><img loading=\"lazy\" decoding=\"async\" width=\"1066\" height=\"896\" src=\"https:\/\/restaurant-labrochette.com\/wp-content\/uploads\/2024\/07\/FSG08132-e1721124065617.jpg\" class=\"attachment-full size-full wp-image-1088\" alt=\"\" srcset=\"https:\/\/restaurant-labrochette.com\/wp-content\/uploads\/2024\/07\/FSG08132-e1721124065617.jpg 1066w, https:\/\/restaurant-labrochette.com\/wp-content\/uploads\/2024\/07\/FSG08132-e1721124065617-300x252.jpg 300w, https:\/\/restaurant-labrochette.com\/wp-content\/uploads\/2024\/07\/FSG08132-e1721124065617-1024x861.jpg 1024w, https:\/\/restaurant-labrochette.com\/wp-content\/uploads\/2024\/07\/FSG08132-e1721124065617-768x646.jpg 768w, https:\/\/restaurant-labrochette.com\/wp-content\/uploads\/2024\/07\/FSG08132-e1721124065617-14x12.jpg 14w\" sizes=\"(max-width: 1066px) 100vw, 1066px\" \/><\/div><\/a>\r\n\t\t\t\t<div class=\"elementor-post__text\">\r\n\t\t\t\t<h3 class=\"elementor-post__title\">\r\n\t\t\t<a href=\"https:\/\/restaurant-labrochette.com\/ca\/la-brochette-el-mejor-restaurante-de-tapas-para-celebrar-hermosos-momentos\/\" >\r\n\t\t\t\tLa Brochette: el mejor restaurante de tapas para celebrar hermosos momentos\t\t\t<\/a>\r\n\t\t<\/h3>\r\n\t\t\t\t<div class=\"elementor-post__excerpt\">\r\n\t\t\t<p>Deliciosa comida y un ambiente acogedor en nuestro restaurante de tapas en Girona Encontrar el lugar perfecto para disfrutar de una deliciosa comida en un<\/p>\n\t\t<\/div>\r\n\t\t\r\n\t\t<a class=\"elementor-post__read-more\" href=\"https:\/\/restaurant-labrochette.com\/ca\/la-brochette-el-mejor-restaurante-de-tapas-para-celebrar-hermosos-momentos\/\" aria-label=\"Read more about La Brochette: el mejor restaurante de tapas para celebrar hermosos momentos\" tabindex=\"-1\" >\r\n\t\t\tLLEGIR M\u00c9S\t\t<\/a>\r\n\r\n\t\t\t\t<\/div>\r\n\t\t\t\t\t<\/div>\r\n\t\t<\/article>\r\n\t\t\t\t<article class=\"elementor-post elementor-grid-item post-1080 post type-post status-publish format-standard has-post-thumbnail hentry category-patatas-bravas-girona tag-patatas-bravas-girona\" role=\"listitem\">\r\n\t\t\t<div class=\"elementor-post__card\">\r\n\t\t\t\t<a class=\"elementor-post__thumbnail__link\" href=\"https:\/\/restaurant-labrochette.com\/ca\/las-mejores-patatas-bravas-una-experiencia-unica-en-la-brochette\/\" tabindex=\"-1\" ><div class=\"elementor-post__thumbnail\"><img loading=\"lazy\" decoding=\"async\" width=\"2000\" height=\"1414\" src=\"https:\/\/restaurant-labrochette.com\/wp-content\/uploads\/2024\/07\/patatas-bravas-girona.jpg\" class=\"attachment-full size-full wp-image-1082\" alt=\"\" srcset=\"https:\/\/restaurant-labrochette.com\/wp-content\/uploads\/2024\/07\/patatas-bravas-girona.jpg 2000w, https:\/\/restaurant-labrochette.com\/wp-content\/uploads\/2024\/07\/patatas-bravas-girona-300x212.jpg 300w, https:\/\/restaurant-labrochette.com\/wp-content\/uploads\/2024\/07\/patatas-bravas-girona-1024x724.jpg 1024w, https:\/\/restaurant-labrochette.com\/wp-content\/uploads\/2024\/07\/patatas-bravas-girona-768x543.jpg 768w, https:\/\/restaurant-labrochette.com\/wp-content\/uploads\/2024\/07\/patatas-bravas-girona-1536x1086.jpg 1536w, https:\/\/restaurant-labrochette.com\/wp-content\/uploads\/2024\/07\/patatas-bravas-girona-18x12.jpg 18w\" sizes=\"(max-width: 2000px) 100vw, 2000px\" \/><\/div><\/a>\r\n\t\t\t\t<div class=\"elementor-post__text\">\r\n\t\t\t\t<h3 class=\"elementor-post__title\">\r\n\t\t\t<a href=\"https:\/\/restaurant-labrochette.com\/ca\/las-mejores-patatas-bravas-una-experiencia-unica-en-la-brochette\/\" >\r\n\t\t\t\tLes Millors Patates Braves: Una Experi\u00e8ncia \u00danica a La Brochette\t\t\t<\/a>\r\n\t\t<\/h3>\r\n\t\t\t\t<div class=\"elementor-post__excerpt\">\r\n\t\t\t<p>Patatas Bravas en Girona: Un cl\u00e1sico de la cocina espa\u00f1ola Las patatas bravas son un cl\u00e1sico de la cocina espa\u00f1ola, y en Girona no es<\/p>\n\t\t<\/div>\r\n\t\t\r\n\t\t<a class=\"elementor-post__read-more\" href=\"https:\/\/restaurant-labrochette.com\/ca\/las-mejores-patatas-bravas-una-experiencia-unica-en-la-brochette\/\" aria-label=\"Read more about Las Mejores Patatas Bravas: Una Experiencia \u00danica en La Brochette\" tabindex=\"-1\" >\r\n\t\t\tLLEGIR M\u00c9S\t\t<\/a>\r\n\r\n\t\t\t\t<\/div>\r\n\t\t\t\t\t<\/div>\r\n\t\t<\/article>\r\n\t\t\t\t<article class=\"elementor-post elementor-grid-item post-1065 post type-post status-publish format-standard has-post-thumbnail hentry category-restaurante-de-tapas-en-girona tag-restaurante-en-girona\" role=\"listitem\">\r\n\t\t\t<div class=\"elementor-post__card\">\r\n\t\t\t\t<a class=\"elementor-post__thumbnail__link\" href=\"https:\/\/restaurant-labrochette.com\/ca\/la-brochette-el-mejor-restaurante-para-disfrutar-de-unas-brochetas\/\" tabindex=\"-1\" ><div class=\"elementor-post__thumbnail\"><img loading=\"lazy\" decoding=\"async\" width=\"2560\" height=\"1703\" src=\"https:\/\/restaurant-labrochette.com\/wp-content\/uploads\/2024\/06\/111123-LaBrochette-38-scaled.jpg\" class=\"attachment-full size-full wp-image-1066\" alt=\"\" srcset=\"https:\/\/restaurant-labrochette.com\/wp-content\/uploads\/2024\/06\/111123-LaBrochette-38-scaled.jpg 2560w, https:\/\/restaurant-labrochette.com\/wp-content\/uploads\/2024\/06\/111123-LaBrochette-38-300x200.jpg 300w, https:\/\/restaurant-labrochette.com\/wp-content\/uploads\/2024\/06\/111123-LaBrochette-38-1024x681.jpg 1024w, https:\/\/restaurant-labrochette.com\/wp-content\/uploads\/2024\/06\/111123-LaBrochette-38-768x511.jpg 768w, https:\/\/restaurant-labrochette.com\/wp-content\/uploads\/2024\/06\/111123-LaBrochette-38-1536x1022.jpg 1536w, https:\/\/restaurant-labrochette.com\/wp-content\/uploads\/2024\/06\/111123-LaBrochette-38-2048x1363.jpg 2048w, https:\/\/restaurant-labrochette.com\/wp-content\/uploads\/2024\/06\/111123-LaBrochette-38-18x12.jpg 18w, https:\/\/restaurant-labrochette.com\/wp-content\/uploads\/2024\/06\/111123-LaBrochette-38-930x620.jpg 930w\" sizes=\"(max-width: 2560px) 100vw, 2560px\" \/><\/div><\/a>\r\n\t\t\t\t<div class=\"elementor-post__text\">\r\n\t\t\t\t<h3 class=\"elementor-post__title\">\r\n\t\t\t<a href=\"https:\/\/restaurant-labrochette.com\/ca\/la-brochette-el-mejor-restaurante-para-disfrutar-de-unas-brochetas\/\" >\r\n\t\t\t\tLa Brochette: El Mejor Restaurante para Disfrutar de unas Brochetas\t\t\t<\/a>\r\n\t\t<\/h3>\r\n\t\t\t\t<div class=\"elementor-post__excerpt\">\r\n\t\t\t<p>Tu Restaurante en Girona con una pasi\u00f3n por la comida mediterr\u00e1nea Si est\u00e1s buscando el mejor restaurante en Girona para disfrutar de unas brochetas, La<\/p>\n\t\t<\/div>\r\n\t\t\r\n\t\t<a class=\"elementor-post__read-more\" href=\"https:\/\/restaurant-labrochette.com\/ca\/la-brochette-el-mejor-restaurante-para-disfrutar-de-unas-brochetas\/\" aria-label=\"Read more about La Brochette: El Mejor Restaurante para Disfrutar de unas Brochetas\" tabindex=\"-1\" >\r\n\t\t\tLLEGIR M\u00c9S\t\t<\/a>\r\n\r\n\t\t\t\t<\/div>\r\n\t\t\t\t\t<\/div>\r\n\t\t<\/article>\r\n\t\t\t\t<\/div>\r\n\t\t\r\n\t\t\t\t<div class=\"e-load-more-anchor\" data-page=\"1\" data-max-page=\"3\" data-next-page=\"https:\/\/restaurant-labrochette.com\/ca\/wp-json\/wp\/v2\/pages\/306\/page\/2\/\"><\/div>\r\n\t\t\t\t<nav class=\"elementor-pagination\" aria-label=\"Pagination\">\r\n\t\t\t<span class=\"page-numbers prev\">&laquo; Anterior<\/span>\n<span aria-current=\"page\" class=\"page-numbers current\"><span class=\"elementor-screen-only\">Page<\/span>1<\/span>\n<a class=\"page-numbers\" href=\"https:\/\/restaurant-labrochette.com\/ca\/wp-json\/wp\/v2\/pages\/306\/page\/2\/\"><span class=\"elementor-screen-only\">Page<\/span>2<\/a>\n<a class=\"page-numbers\" href=\"https:\/\/restaurant-labrochette.com\/ca\/wp-json\/wp\/v2\/pages\/306\/page\/3\/\"><span class=\"elementor-screen-only\">Page<\/span>3<\/a>\n<a class=\"page-numbers next\" href=\"https:\/\/restaurant-labrochette.com\/ca\/wp-json\/wp\/v2\/pages\/306\/page\/2\/\">Siguiente &raquo;<\/a>\t\t<\/nav>\r\n\t\t\t\t\t\t<\/div>\n\t\t\t\t<\/div>\n\t\t\t\t\t<\/div>\n\t\t\t\t<\/div>\n\t\t\t\t<\/div>","protected":false},"excerpt":{"rendered":"<p>BLOG<\/p>","protected":false},"author":1,"featured_media":0,"parent":0,"menu_order":0,"comment_status":"closed","ping_status":"closed","template":"page-templates\/template-pagebuilder-full-width.php","meta":{"neve_meta_sidebar":"","neve_meta_container":"","neve_meta_enable_content_width":"off","neve_meta_content_width":100,"neve_meta_title_alignment":"","neve_meta_author_avatar":"","neve_post_elements_order":"","neve_meta_disable_header":"","neve_meta_disable_footer":"","neve_meta_disable_title":"","neve_meta_reading_time":"","footnotes":""},"class_list":["post-306","page","type-page","status-publish","hentry"],"yoast_head":"<!-- This site is optimized with the Yoast SEO plugin v26.3 - https:\/\/yoast.com\/wordpress\/plugins\/seo\/ -->\n<title>Blog - La Brochette<\/title>\n<meta name=\"robots\" content=\"index, follow, max-snippet:-1, max-image-preview:large, max-video-preview:-1\" \/>\n<link rel=\"canonical\" href=\"https:\/\/restaurant-labrochette.com\/ca\/blog\/\" \/>\n<meta property=\"og:locale\" content=\"ca_ES\" \/>\n<meta property=\"og:type\" content=\"article\" \/>\n<meta property=\"og:title\" content=\"Blog - La Brochette\" \/>\n<meta property=\"og:description\" content=\"BLOG\" \/>\n<meta property=\"og:url\" content=\"https:\/\/restaurant-labrochette.com\/ca\/blog\/\" \/>\n<meta property=\"og:site_name\" content=\"La Brochette - Vins i Tastets Restaurant\" \/>\n<meta property=\"article:modified_time\" content=\"2023-11-30T09:34:14+00:00\" \/>\n<meta name=\"twitter:card\" content=\"summary_large_image\" \/>\n<meta name=\"twitter:label1\" content=\"Temps estimat de lectura\" \/>\n\t<meta name=\"twitter:data1\" content=\"1 minut\" \/>\n<script type=\"application\/ld+json\" class=\"yoast-schema-graph\">{\"@context\":\"https:\/\/schema.org\",\"@graph\":[{\"@type\":\"WebPage\",\"@id\":\"https:\/\/restaurant-labrochette.com\/blog\/\",\"url\":\"https:\/\/restaurant-labrochette.com\/blog\/\",\"name\":\"Blog - La Brochette\",\"isPartOf\":{\"@id\":\"https:\/\/restaurant-labrochette.com\/#website\"},\"datePublished\":\"2023-11-28T22:35:11+00:00\",\"dateModified\":\"2023-11-30T09:34:14+00:00\",\"breadcrumb\":{\"@id\":\"https:\/\/restaurant-labrochette.com\/blog\/#breadcrumb\"},\"inLanguage\":\"ca\",\"potentialAction\":[{\"@type\":\"ReadAction\",\"target\":[\"https:\/\/restaurant-labrochette.com\/blog\/\"]}]},{\"@type\":\"BreadcrumbList\",\"@id\":\"https:\/\/restaurant-labrochette.com\/blog\/#breadcrumb\",\"itemListElement\":[{\"@type\":\"ListItem\",\"position\":1,\"name\":\"Portada\",\"item\":\"https:\/\/restaurant-labrochette.com\/\"},{\"@type\":\"ListItem\",\"position\":2,\"name\":\"Blog\"}]},{\"@type\":\"WebSite\",\"@id\":\"https:\/\/restaurant-labrochette.com\/#website\",\"url\":\"https:\/\/restaurant-labrochette.com\/\",\"name\":\"La Brochette - Vins i Tastets Restaurant\",\"description\":\"\",\"potentialAction\":[{\"@type\":\"SearchAction\",\"target\":{\"@type\":\"EntryPoint\",\"urlTemplate\":\"https:\/\/restaurant-labrochette.com\/?s={search_term_string}\"},\"query-input\":{\"@type\":\"PropertyValueSpecification\",\"valueRequired\":true,\"valueName\":\"search_term_string\"}}],\"inLanguage\":\"ca\"}]}<\/script>\n<!-- \/ Yoast SEO plugin. -->","yoast_head_json":{"title":"Blog - La Brochette","robots":{"index":"index","follow":"follow","max-snippet":"max-snippet:-1","max-image-preview":"max-image-preview:large","max-video-preview":"max-video-preview:-1"},"canonical":"https:\/\/restaurant-labrochette.com\/ca\/blog\/","og_locale":"ca_ES","og_type":"article","og_title":"Blog - La Brochette","og_description":"BLOG","og_url":"https:\/\/restaurant-labrochette.com\/ca\/blog\/","og_site_name":"La Brochette - Vins i Tastets Restaurant","article_modified_time":"2023-11-30T09:34:14+00:00","twitter_card":"summary_large_image","twitter_misc":{"Temps estimat de lectura":"1 minut"},"schema":{"@context":"https:\/\/schema.org","@graph":[{"@type":"WebPage","@id":"https:\/\/restaurant-labrochette.com\/blog\/","url":"https:\/\/restaurant-labrochette.com\/blog\/","name":"Blog - La Brochette","isPartOf":{"@id":"https:\/\/restaurant-labrochette.com\/#website"},"datePublished":"2023-11-28T22:35:11+00:00","dateModified":"2023-11-30T09:34:14+00:00","breadcrumb":{"@id":"https:\/\/restaurant-labrochette.com\/blog\/#breadcrumb"},"inLanguage":"ca","potentialAction":[{"@type":"ReadAction","target":["https:\/\/restaurant-labrochette.com\/blog\/"]}]},{"@type":"BreadcrumbList","@id":"https:\/\/restaurant-labrochette.com\/blog\/#breadcrumb","itemListElement":[{"@type":"ListItem","position":1,"name":"Portada","item":"https:\/\/restaurant-labrochette.com\/"},{"@type":"ListItem","position":2,"name":"Blog"}]},{"@type":"WebSite","@id":"https:\/\/restaurant-labrochette.com\/#website","url":"https:\/\/restaurant-labrochette.com\/","name":"La Brochette - Vins i Tastets Restaurant","description":"","potentialAction":[{"@type":"SearchAction","target":{"@type":"EntryPoint","urlTemplate":"https:\/\/restaurant-labrochette.com\/?s={search_term_string}"},"query-input":{"@type":"PropertyValueSpecification","valueRequired":true,"valueName":"search_term_string"}}],"inLanguage":"ca"}]}},"_links":{"self":[{"href":"https:\/\/restaurant-labrochette.com\/ca\/wp-json\/wp\/v2\/pages\/306","targetHints":{"allow":["GET"]}}],"collection":[{"href":"https:\/\/restaurant-labrochette.com\/ca\/wp-json\/wp\/v2\/pages"}],"about":[{"href":"https:\/\/restaurant-labrochette.com\/ca\/wp-json\/wp\/v2\/types\/page"}],"author":[{"embeddable":true,"href":"https:\/\/restaurant-labrochette.com\/ca\/wp-json\/wp\/v2\/users\/1"}],"replies":[{"embeddable":true,"href":"https:\/\/restaurant-labrochette.com\/ca\/wp-json\/wp\/v2\/comments?post=306"}],"version-history":[{"count":10,"href":"https:\/\/restaurant-labrochette.com\/ca\/wp-json\/wp\/v2\/pages\/306\/revisions"}],"predecessor-version":[{"id":708,"href":"https:\/\/restaurant-labrochette.com\/ca\/wp-json\/wp\/v2\/pages\/306\/revisions\/708"}],"wp:attachment":[{"href":"https:\/\/restaurant-labrochette.com\/ca\/wp-json\/wp\/v2\/media?parent=306"}],"curies":[{"name":"wp","href":"https:\/\/api.w.org\/{rel}","templated":true}]}}