{"id":687,"date":"2023-11-30T09:12:46","date_gmt":"2023-11-30T08:12:46","guid":{"rendered":"https:\/\/restaurant-labrochette.com\/?page_id=687"},"modified":"2023-11-30T09:12:46","modified_gmt":"2023-11-30T08:12:46","slug":"aviso-legal","status":"publish","type":"page","link":"https:\/\/restaurant-labrochette.com\/ca\/aviso-legal\/","title":{"rendered":"Av\u00eds legal"},"content":{"rendered":"<p>De conformitat amb la Llei 34\/2002, de Serveis de la Societat de la Informaci\u00f3 i de Comer\u00e7 Electr\u00f2nic, us informem que aquesta web \u00e9s titularitat de NATALIA MESTRE COLLIN, (d&#039;ara endavant \u201cEL TITULAR\u201d), amb NIF: 40521149W, amb domicili al c\/ Tramuntana, 48 CASTELL-PLATJA D&#039;ARO, GIRONA 17250; tel\u00e8fon +34 690 64 59 32.<\/p>\n<p>PROPIETAT INTEL\u00b7LECTUAL I INDUSTRIAL<\/p>\n<p>Els continguts d&#039;aquest lloc, incloent-hi els textos, imatges i dissenys gr\u00e0fics, pertanyen a EL TITULAR, oa tercers que n&#039;han autoritzat l&#039;\u00fas. EL TITULAR presenta aquests continguts amb finalitats dinformaci\u00f3 i promoci\u00f3. EL TITULAR n&#039;autoritza la utilitzaci\u00f3 exclusivament amb aquestes finalitats. Qualsevol utilitzaci\u00f3 d&#039;aquests dissenys, imatges o textos haur\u00e0 de citar expressament la seva pertinen\u00e7a a EL TITULAR, que es reserva el dret a iniciar les accions legals oportunes per reparar els danys i els perjudicis causats per qualsevol acte que vulneri els seus drets de propietat intel\u00b7lectual o industrial.<\/p>\n<p>EXCLUSI\u00d3 DE RESPONSABILITAT<\/p>\n<p>EL TITULAR actua amb la m\u00e0xima dilig\u00e8ncia possible perqu\u00e8 les dades i la informaci\u00f3 que ofereix al vostre lloc web estigui actualitzada en tom moment, si b\u00e9 no garanteix ni es fa responsable de l&#039;exactitud i actualitzaci\u00f3 dels continguts del lloc web, reservant-se el dret a modificar aquests continguts en qualsevol moment. EL TITULAR tampoc no ser\u00e0 responsable de la informaci\u00f3 que es pugui obtenir a trav\u00e9s d&#039;enlla\u00e7os inclosos al lloc web.<\/p>\n<p>Les relacions comercials amb els clients es regeixen per les Condicions Generals que, si s&#039;escau, estableixi EL TITULAR en un document espec\u00edfic a aquest efecte, o pels pactes concrets que es puguin acordar amb els clients.<\/p>\n<p>CONDICIONS D&#039;\u00daS<\/p>\n<p>L\u00b4\u00fas d\u00b4aquest lloc web implica l\u00b4acceptaci\u00f3 plena dels termes del present av\u00eds legal. Els possibles conflictes relatius a aquest lloc web es regiran exclusivament pel dret de l&#039;Estat Espanyol. Tota persona usu\u00e0ria de la web, independentment de la jurisdicci\u00f3 territorial des de la qual es produeixi l&#039;acc\u00e9s, accepta el compliment i respecte d&#039;aquestes cl\u00e0usules amb ren\u00fancia expressa a qualsevol altre fur que li pugui correspondre.<\/p>","protected":false},"excerpt":{"rendered":"<p>De conformidad con la Ley 34\/2002, de Servicios de la Sociedad de la Informaci\u00f3n y de Comercio Electr\u00f3nico, le informamos que esta web es titularidad de NATALIA MESTRE COLLIN, (en adelante \u201cEL TITULAR\u201d), con NIF: 40521149W, con domicilio en C\/ Tramuntana, 48 CASTELL-PLATJA D&#8217;ARO, GIRONA 17250; tel\u00e9fono +34 690 64 59 32. PROPIEDAD INTELECTUAL E&hellip;&nbsp;<a href=\"https:\/\/restaurant-labrochette.com\/ca\/aviso-legal\/\" rel=\"bookmark\"><span class=\"screen-reader-text\">Av\u00eds legal<\/span><\/a><\/p>","protected":false},"author":2,"featured_media":0,"parent":0,"menu_order":0,"comment_status":"closed","ping_status":"closed","template":"","meta":{"neve_meta_sidebar":"","neve_meta_container":"","neve_meta_enable_content_width":"off","neve_meta_content_width":100,"neve_meta_title_alignment":"","neve_meta_author_avatar":"","neve_post_elements_order":"","neve_meta_disable_header":"","neve_meta_disable_footer":"","neve_meta_disable_title":"","neve_meta_reading_time":"","footnotes":""},"class_list":["post-687","page","type-page","status-publish","hentry"],"yoast_head":"<!-- This site is optimized with the Yoast SEO plugin v26.3 - https:\/\/yoast.com\/wordpress\/plugins\/seo\/ -->\n<title>Aviso legal - La Brochette - Vins i Tastets Restaurant<\/title>\n<meta name=\"robots\" content=\"index, follow, max-snippet:-1, max-image-preview:large, max-video-preview:-1\" \/>\n<link rel=\"canonical\" href=\"https:\/\/restaurant-labrochette.com\/ca\/aviso-legal\/\" \/>\n<meta property=\"og:locale\" content=\"ca_ES\" \/>\n<meta property=\"og:type\" content=\"article\" \/>\n<meta property=\"og:title\" content=\"Aviso legal - La Brochette - Vins i Tastets Restaurant\" \/>\n<meta property=\"og:description\" content=\"De conformidad con la Ley 34\/2002, de Servicios de la Sociedad de la Informaci\u00f3n y de Comercio Electr\u00f3nico, le informamos que esta web es titularidad de NATALIA MESTRE COLLIN, (en adelante \u201cEL TITULAR\u201d), con NIF: 40521149W, con domicilio en C\/ Tramuntana, 48 CASTELL-PLATJA D&#8217;ARO, GIRONA 17250; tel\u00e9fono +34 690 64 59 32. PROPIEDAD INTELECTUAL E&hellip;&nbsp;Aviso legal\" \/>\n<meta property=\"og:url\" content=\"https:\/\/restaurant-labrochette.com\/ca\/aviso-legal\/\" \/>\n<meta property=\"og:site_name\" content=\"La Brochette - Vins i Tastets Restaurant\" \/>\n<meta name=\"twitter:card\" content=\"summary_large_image\" \/>\n<script type=\"application\/ld+json\" class=\"yoast-schema-graph\">{\"@context\":\"https:\/\/schema.org\",\"@graph\":[{\"@type\":\"WebPage\",\"@id\":\"https:\/\/restaurant-labrochette.com\/ca\/aviso-legal\/\",\"url\":\"https:\/\/restaurant-labrochette.com\/ca\/aviso-legal\/\",\"name\":\"Aviso legal - La Brochette - Vins i Tastets Restaurant\",\"isPartOf\":{\"@id\":\"https:\/\/restaurant-labrochette.com\/#website\"},\"datePublished\":\"2023-11-30T08:12:46+00:00\",\"breadcrumb\":{\"@id\":\"https:\/\/restaurant-labrochette.com\/ca\/aviso-legal\/#breadcrumb\"},\"inLanguage\":\"ca\",\"potentialAction\":[{\"@type\":\"ReadAction\",\"target\":[\"https:\/\/restaurant-labrochette.com\/ca\/aviso-legal\/\"]}]},{\"@type\":\"BreadcrumbList\",\"@id\":\"https:\/\/restaurant-labrochette.com\/ca\/aviso-legal\/#breadcrumb\",\"itemListElement\":[{\"@type\":\"ListItem\",\"position\":1,\"name\":\"Portada\",\"item\":\"https:\/\/restaurant-labrochette.com\/\"},{\"@type\":\"ListItem\",\"position\":2,\"name\":\"Aviso legal\"}]},{\"@type\":\"WebSite\",\"@id\":\"https:\/\/restaurant-labrochette.com\/#website\",\"url\":\"https:\/\/restaurant-labrochette.com\/\",\"name\":\"La Brochette - Vins i Tastets Restaurant\",\"description\":\"\",\"potentialAction\":[{\"@type\":\"SearchAction\",\"target\":{\"@type\":\"EntryPoint\",\"urlTemplate\":\"https:\/\/restaurant-labrochette.com\/?s={search_term_string}\"},\"query-input\":{\"@type\":\"PropertyValueSpecification\",\"valueRequired\":true,\"valueName\":\"search_term_string\"}}],\"inLanguage\":\"ca\"}]}<\/script>\n<!-- \/ Yoast SEO plugin. -->","yoast_head_json":{"title":"Aviso legal - La Brochette - Vins i Tastets Restaurant","robots":{"index":"index","follow":"follow","max-snippet":"max-snippet:-1","max-image-preview":"max-image-preview:large","max-video-preview":"max-video-preview:-1"},"canonical":"https:\/\/restaurant-labrochette.com\/ca\/aviso-legal\/","og_locale":"ca_ES","og_type":"article","og_title":"Aviso legal - La Brochette - Vins i Tastets Restaurant","og_description":"De conformidad con la Ley 34\/2002, de Servicios de la Sociedad de la Informaci\u00f3n y de Comercio Electr\u00f3nico, le informamos que esta web es titularidad de NATALIA MESTRE COLLIN, (en adelante \u201cEL TITULAR\u201d), con NIF: 40521149W, con domicilio en C\/ Tramuntana, 48 CASTELL-PLATJA D&#8217;ARO, GIRONA 17250; tel\u00e9fono +34 690 64 59 32. PROPIEDAD INTELECTUAL E&hellip;&nbsp;Aviso legal","og_url":"https:\/\/restaurant-labrochette.com\/ca\/aviso-legal\/","og_site_name":"La Brochette - Vins i Tastets Restaurant","twitter_card":"summary_large_image","schema":{"@context":"https:\/\/schema.org","@graph":[{"@type":"WebPage","@id":"https:\/\/restaurant-labrochette.com\/ca\/aviso-legal\/","url":"https:\/\/restaurant-labrochette.com\/ca\/aviso-legal\/","name":"Aviso legal - La Brochette - Vins i Tastets Restaurant","isPartOf":{"@id":"https:\/\/restaurant-labrochette.com\/#website"},"datePublished":"2023-11-30T08:12:46+00:00","breadcrumb":{"@id":"https:\/\/restaurant-labrochette.com\/ca\/aviso-legal\/#breadcrumb"},"inLanguage":"ca","potentialAction":[{"@type":"ReadAction","target":["https:\/\/restaurant-labrochette.com\/ca\/aviso-legal\/"]}]},{"@type":"BreadcrumbList","@id":"https:\/\/restaurant-labrochette.com\/ca\/aviso-legal\/#breadcrumb","itemListElement":[{"@type":"ListItem","position":1,"name":"Portada","item":"https:\/\/restaurant-labrochette.com\/"},{"@type":"ListItem","position":2,"name":"Aviso legal"}]},{"@type":"WebSite","@id":"https:\/\/restaurant-labrochette.com\/#website","url":"https:\/\/restaurant-labrochette.com\/","name":"La Brochette - Vins i Tastets Restaurant","description":"","potentialAction":[{"@type":"SearchAction","target":{"@type":"EntryPoint","urlTemplate":"https:\/\/restaurant-labrochette.com\/?s={search_term_string}"},"query-input":{"@type":"PropertyValueSpecification","valueRequired":true,"valueName":"search_term_string"}}],"inLanguage":"ca"}]}},"_links":{"self":[{"href":"https:\/\/restaurant-labrochette.com\/ca\/wp-json\/wp\/v2\/pages\/687","targetHints":{"allow":["GET"]}}],"collection":[{"href":"https:\/\/restaurant-labrochette.com\/ca\/wp-json\/wp\/v2\/pages"}],"about":[{"href":"https:\/\/restaurant-labrochette.com\/ca\/wp-json\/wp\/v2\/types\/page"}],"author":[{"embeddable":true,"href":"https:\/\/restaurant-labrochette.com\/ca\/wp-json\/wp\/v2\/users\/2"}],"replies":[{"embeddable":true,"href":"https:\/\/restaurant-labrochette.com\/ca\/wp-json\/wp\/v2\/comments?post=687"}],"version-history":[{"count":1,"href":"https:\/\/restaurant-labrochette.com\/ca\/wp-json\/wp\/v2\/pages\/687\/revisions"}],"predecessor-version":[{"id":688,"href":"https:\/\/restaurant-labrochette.com\/ca\/wp-json\/wp\/v2\/pages\/687\/revisions\/688"}],"wp:attachment":[{"href":"https:\/\/restaurant-labrochette.com\/ca\/wp-json\/wp\/v2\/media?parent=687"}],"curies":[{"name":"wp","href":"https:\/\/api.w.org\/{rel}","templated":true}]}}